{"id":987468606,"date":"2020-06-15T09:39:20","date_gmt":"2020-06-15T07:39:20","guid":{"rendered":"https:\/\/www.rogla-apartments.com\/?page_id=987468606"},"modified":"2023-12-06T11:46:57","modified_gmt":"2023-12-06T10:46:57","slug":"house-palegrinka-mali-drvenik","status":"publish","type":"page","link":"https:\/\/www.rogla-apartments.com\/en\/house-palegrinka-mali-drvenik\/","title":{"rendered":"House Palegrinka Mali Drvenik"},"content":{"rendered":"<p>[et_pb_section fb_built=&#8221;1&#8243; custom_padding_last_edited=&#8221;on|phone&#8221; _builder_version=&#8221;4.4.8&#8243; width=&#8221;100%&#8221; max_width=&#8221;100%&#8221; custom_margin=&#8221;0px|0px|0px|0px|false|false&#8221; custom_padding=&#8221;0px|0px|0px|0px|true|false&#8221; custom_padding_tablet=&#8221;&#8221; custom_padding_phone=&#8221;&#8221; locked=&#8221;off&#8221;][et_pb_row column_structure=&#8221;1_3,1_3,1_3&#8243; use_custom_gutter=&#8221;on&#8221; gutter_width=&#8221;1&#8243; make_equal=&#8221;on&#8221; padding_top_bottom_link_1=&#8221;true&#8221; padding_left_right_link_1=&#8221;true&#8221; _builder_version=&#8221;4.4.8&#8243; width=&#8221;100%&#8221; max_width=&#8221;100%&#8221; height=&#8221;515px&#8221; max_height=&#8221;515px&#8221; custom_margin=&#8221;0px||0px||false|false&#8221; custom_padding=&#8221;0px||0px||false|false&#8221; border_color_top=&#8221;#777777&#8243; align_tablet=&#8221;center&#8221; align_last_edited=&#8221;on|desktop&#8221;][et_pb_column type=&#8221;1_3&#8243; _builder_version=&#8221;4.4.8&#8243; background_color=&#8221;#ededed&#8221; background_size=&#8221;initial&#8221; custom_padding=&#8221;||0px||false|false&#8221; custom_padding__hover=&#8221;|||&#8221;][et_pb_text _builder_version=&#8221;4.4.8&#8243; text_font=&#8221;Roboto|300|||||||&#8221; text_text_color=&#8221;#000000&#8243; text_font_size=&#8221;15px&#8221; text_line_height=&#8221;1.8em&#8221; header_font=&#8221;Poppins|600|||||||&#8221; header_text_color=&#8221;#000000&#8243; header_font_size=&#8221;20px&#8221; header_line_height=&#8221;1.4em&#8221; header_4_font=&#8221;Poppins|||on|||||&#8221; header_4_text_color=&#8221;#000000&#8243; header_4_font_size=&#8221;14px&#8221; header_4_line_height=&#8221;1.4em&#8221; custom_margin=&#8221;0px||||false|false&#8221; custom_margin_tablet=&#8221;&#8221; custom_margin_phone=&#8221;0px||||false|false&#8221; custom_margin_last_edited=&#8221;on|phone&#8221; custom_padding=&#8221;32px|28px|0px|28px|false|true&#8221; hover_enabled=&#8221;0&#8243; border_radii=&#8221;||||&#8221;]<\/p>\n<h4>Apartma<\/h4>\n<h1>Hi\u0161a Palegrinka<\/h1>\n<p>Mari Drvenik <strong>CRO<\/strong><\/p>\n<p>od 75 \u20ac\/Dan<\/p>\n<p>Lorem Ipsum je slepi tekst, ki se uporablja pri razvoju tipografij in pri pripravi za tisk. Lorem Ipsum je v uporabi \u017ee ve\u010d kot petsto let saj je to kombinacijo znakov neznani tiskar zdru\u017eil v vzor\u010dno knjigo \u017ee v za\u010detku 16. stoletja. To besedilo pa ni zgolj pre\u017eivelo pet stoletij, temve\u010d se je z malenkostnimi spremembami uspe\u0161no uveljavilo tudi v elektronskem namiznem zalo\u017eni\u0161tvu. Na priljubljenosti je Lorem Ipsum pridobil v sedemdesetih letih prej\u0161njega stoletja, ko so na trg lansirali Letraset folije z Lorem Ipsum odstavki. V zadnjem \u010dasu se Lorem Ipsum pojavlja tudi v priljubljenih programih za namizno zalo\u017eni\u0161tvo kot je na primer Aldus PageMaker.<\/p>\n<p>[\/et_pb_text][\/et_pb_column][et_pb_column type=&#8221;1_3&#8243; _builder_version=&#8221;4.4.8&#8243; background_color=&#8221;#ededed&#8221; custom_padding=&#8221;||0px||false|false&#8221; custom_padding__hover=&#8221;|||&#8221;][et_pb_image src=&#8221;https:\/\/www.rogla-apartments.com\/wp-content\/uploads\/2020\/06\/Dandi-apartmaji.png&#8221; alt=&#8221;Apartmaji DANDI &#8211; Hi\u0161a Jurgovo&#8221; title_text=&#8221;favicon&#8221; align_tablet=&#8221;center&#8221; align_phone=&#8221;&#8221; align_last_edited=&#8221;on|desktop&#8221; _builder_version=&#8221;4.4.8&#8243; background_image=&#8221;https:\/\/www.rogla-apartments.com\/wp-content\/uploads\/2020\/06\/favicon.jpg&#8221; module_alignment=&#8221;center&#8221; min_height=&#8221;515px&#8221; height=&#8221;515px&#8221; max_height=&#8221;515px&#8221; custom_margin=&#8221;0px||0px||false|false&#8221; custom_padding=&#8221;0px||0px||false|false&#8221; border_width_top=&#8221;1px&#8221; border_color_top=&#8221;#555555&#8243;][\/et_pb_image][\/et_pb_column][et_pb_column type=&#8221;1_3&#8243; _builder_version=&#8221;4.4.8&#8243; background_color=&#8221;#ededed&#8221; custom_padding=&#8221;||0px||false|false&#8221; custom_padding__hover=&#8221;|||&#8221;][et_pb_code _builder_version=&#8221;4.4.8&#8243; min_height=&#8221;500px&#8221; height=&#8221;515px&#8221; custom_margin=&#8221;0px||0px||true|false&#8221; custom_padding=&#8221;0px||0px||false|false&#8221; hover_enabled=&#8221;0&#8243; border_color_all=&#8221;#8dc63f&#8221;]<iframe loading=\"lazy\" src=\"https:\/\/www.google.com\/maps\/embed?pb=!1m18!1m12!1m3!1d11586.89996476896!2d16.06682094217341!3d43.445459295009705!2m3!1f0!2f0!3f0!3m2!1i1024!2i768!4f13.1!3m3!1m2!1s0x1335122d5701a43d%3A0x45c0e39a10d6bf98!2sOtok%20Mali%20Drvenik!5e0!3m2!1sen!2ssi!4v1591793621824!5m2!1sen!2ssi\" width=\"960\" height=\"515\" frameborder=\"0\" style=\"border:0;\" allowfullscreen=\"\" aria-hidden=\"false\" tabindex=\"0\"><\/iframe>[\/et_pb_code][\/et_pb_column][\/et_pb_row][et_pb_row _builder_version=&#8221;4.4.8&#8243; background_color=&#8221;#8dc63f&#8221; width=&#8221;100%&#8221; max_width=&#8221;100%&#8221; custom_margin=&#8221;0px|0px|0px|0px|true|true&#8221; custom_padding=&#8221;0px|0px|0px|0px|true|true&#8221; background__hover_enabled=&#8221;on|hover&#8221; background_color__hover=&#8221;#00b4f1&#8243; background_enable_color__hover=&#8221;on&#8221;][et_pb_column type=&#8221;4_4&#8243; _builder_version=&#8221;4.4.8&#8243; custom_padding=&#8221;0px||0px||true|false&#8221;][et_pb_button button_text=&#8221;REZERVACIJA&#8221; button_alignment=&#8221;center&#8221; _builder_version=&#8221;4.4.8&#8243; custom_button=&#8221;on&#8221; button_text_size=&#8221;15px&#8221; button_text_color=&#8221;#ffffff&#8221; button_bg_color=&#8221;#8dc63f&#8221; button_border_width=&#8221;0px&#8221; button_border_radius=&#8221;0px&#8221; button_font=&#8221;Poppins||||||||&#8221; button_icon=&#8221;%%383%%&#8221; custom_margin=&#8221;0px||0px||false|false&#8221; custom_padding=&#8221;15px||15px||true|false&#8221; custom_css_main_element=&#8221;width:100%;&#8221; button_bg_color__hover_enabled=&#8221;on|hover&#8221; button_bg_color__hover=&#8221;#00b4f1&#8243; button_bg_enable_color__hover=&#8221;on&#8221;][\/et_pb_button][\/et_pb_column][\/et_pb_row][et_pb_row _builder_version=&#8221;4.4.8&#8243; background_color=&#8221;#00b4f1&#8243; width=&#8221;100%&#8221; max_width=&#8221;100%&#8221; custom_margin=&#8221;0px|0px|0px|0px|false|false&#8221; custom_padding=&#8221;0px||0px||false|false&#8221;][et_pb_column type=&#8221;4_4&#8243; _builder_version=&#8221;4.4.8&#8243;][et_pb_accordion open_toggle_text_color=&#8221;#8dc63f&#8221; open_toggle_background_color=&#8221;#00a6d8&#8243; closed_toggle_background_color=&#8221;#00b4f1&#8243; icon_color=&#8221;#ffffff&#8221; _builder_version=&#8221;4.4.8&#8243; toggle_font=&#8221;Poppins|600|||||||&#8221; toggle_text_align=&#8221;center&#8221; toggle_font_size=&#8221;15px&#8221; closed_toggle_font=&#8221;Poppins|600|||||||&#8221; closed_toggle_text_align=&#8221;center&#8221; closed_toggle_font_size=&#8221;15px&#8221; text_orientation=&#8221;center&#8221; module_alignment=&#8221;center&#8221; custom_margin=&#8221;0px||0px||true|false&#8221; custom_padding=&#8221;0px||0px||true|false&#8221; hover_enabled=&#8221;0&#8243; custom_css_toggle_title=&#8221;padding:0 0 0 0;&#8221; border_width_all=&#8221;0px&#8221; border_style_all=&#8221;none&#8221; border_width_bottom=&#8221;2px&#8221; border_color_bottom=&#8221;#00aae2&#8243;][et_pb_accordion_item title=&#8221;Trenutno ni slik!&#8221; open_toggle_text_color=&#8221;#ffffff&#8221; _builder_version=&#8221;4.4.8&#8243; custom_margin=&#8221;0px||0px||true|false&#8221; custom_padding=&#8221;||||true|false&#8221; hover_enabled=&#8221;0&#8243; border_width_top=&#8221;2px&#8221; border_color_top=&#8221;#ffffff&#8221; border_width_bottom=&#8221;2px&#8221; border_color_bottom=&#8221;#00a6d8&#8243; border_style_bottom=&#8221;solid&#8221; toggle_text_color=&#8221;#ffffff&#8221; toggle_font=&#8221;Poppins|600||on|||||&#8221; open=&#8221;on&#8221;][\/et_pb_accordion_item][\/et_pb_accordion][\/et_pb_column][\/et_pb_row][\/et_pb_section]<\/p>\n","protected":false},"excerpt":{"rendered":"<p>[et_pb_section fb_built=&#8221;1&#8243; custom_padding_last_edited=&#8221;on|phone&#8221; _builder_version=&#8221;4.4.8&#8243; width=&#8221;100%&#8221; max_width=&#8221;100%&#8221; custom_margin=&#8221;0px|0px|0px|0px|false|false&#8221; custom_padding=&#8221;0px|0px|0px|0px|true|false&#8221; custom_padding_tablet=&#8221;&#8221; custom_padding_phone=&#8221;&#8221; locked=&#8221;off&#8221;][et_pb_row column_structure=&#8221;1_3,1_3,1_3&#8243; use_custom_gutter=&#8221;on&#8221; gutter_width=&#8221;1&#8243; make_equal=&#8221;on&#8221; padding_top_bottom_link_1=&#8221;true&#8221; padding_left_right_link_1=&#8221;true&#8221; _builder_version=&#8221;4.4.8&#8243; width=&#8221;100%&#8221; max_width=&#8221;100%&#8221; height=&#8221;515px&#8221; max_height=&#8221;515px&#8221; custom_margin=&#8221;0px||0px||false|false&#8221; custom_padding=&#8221;0px||0px||false|false&#8221; border_color_top=&#8221;#777777&#8243; align_tablet=&#8221;center&#8221; align_last_edited=&#8221;on|desktop&#8221;][et_pb_column type=&#8221;1_3&#8243; _builder_version=&#8221;4.4.8&#8243; background_color=&#8221;#ededed&#8221; background_size=&#8221;initial&#8221; custom_padding=&#8221;||0px||false|false&#8221; custom_padding__hover=&#8221;|||&#8221;][et_pb_text _builder_version=&#8221;4.4.8&#8243; text_font=&#8221;Roboto|300|||||||&#8221; text_text_color=&#8221;#000000&#8243; text_font_size=&#8221;15px&#8221; text_line_height=&#8221;1.8em&#8221; header_font=&#8221;Poppins|600|||||||&#8221; header_text_color=&#8221;#000000&#8243; header_font_size=&#8221;20px&#8221; header_line_height=&#8221;1.4em&#8221; header_4_font=&#8221;Poppins|||on|||||&#8221; header_4_text_color=&#8221;#000000&#8243; header_4_font_size=&#8221;14px&#8221; header_4_line_height=&#8221;1.4em&#8221; custom_margin=&#8221;0px||||false|false&#8221; custom_margin_tablet=&#8221;&#8221; custom_margin_phone=&#8221;0px||||false|false&#8221; custom_margin_last_edited=&#8221;on|phone&#8221; custom_padding=&#8221;32px|28px|0px|28px|false|true&#8221; hover_enabled=&#8221;0&#8243; border_radii=&#8221;||||&#8221;] Apartma Hi\u0161a [&hellip;]<\/p>\n","protected":false},"author":1,"featured_media":987468077,"parent":0,"menu_order":0,"comment_status":"closed","ping_status":"closed","template":"","meta":{"footnotes":""},"categories":[],"tags":[],"class_list":["post-987468606","page","type-page","status-publish","has-post-thumbnail","hentry"],"yoast_head":"<!-- This site is optimized with the Yoast SEO plugin v27.2 - https:\/\/yoast.com\/product\/yoast-seo-wordpress\/ -->\n<title>House Palegrinka Mali Drvenik - Apartmaji Rogla Dandi<\/title>\n<meta name=\"description\" content=\"Apartmaji Rogla Dandi\" \/>\n<meta name=\"robots\" content=\"index, follow, max-snippet:-1, max-image-preview:large, max-video-preview:-1\" \/>\n<link rel=\"canonical\" href=\"https:\/\/www.rogla-apartments.com\/en\/house-palegrinka-mali-drvenik\/\" \/>\n<meta property=\"og:locale\" content=\"en_US\" \/>\n<meta property=\"og:type\" content=\"article\" \/>\n<meta property=\"og:title\" content=\"House Palegrinka Mali Drvenik - Apartmaji Rogla Dandi\" \/>\n<meta property=\"og:description\" content=\"Apartmaji Rogla Dandi\" \/>\n<meta property=\"og:url\" content=\"https:\/\/www.rogla-apartments.com\/en\/house-palegrinka-mali-drvenik\/\" \/>\n<meta property=\"og:site_name\" content=\"Apartmaji Rogla Dandi\" \/>\n<meta property=\"article:publisher\" content=\"https:\/\/www.facebook.com\/profile.php?id=100077858079393\" \/>\n<meta property=\"article:modified_time\" content=\"2023-12-06T10:46:57+00:00\" \/>\n<meta property=\"og:image\" content=\"https:\/\/www.rogla-apartments.com\/wp-content\/uploads\/2020\/06\/favicon.jpg\" \/>\n\t<meta property=\"og:image:width\" content=\"500\" \/>\n\t<meta property=\"og:image:height\" content=\"500\" \/>\n\t<meta property=\"og:image:type\" content=\"image\/jpeg\" \/>\n<meta name=\"twitter:card\" content=\"summary_large_image\" \/>\n<meta name=\"twitter:label1\" content=\"Est. reading time\" \/>\n\t<meta name=\"twitter:data1\" content=\"4 minutes\" \/>\n<script type=\"application\/ld+json\" class=\"yoast-schema-graph\">{\"@context\":\"https:\/\/schema.org\",\"@graph\":[{\"@type\":\"WebPage\",\"@id\":\"https:\/\/www.rogla-apartments.com\/en\/house-palegrinka-mali-drvenik\/\",\"url\":\"https:\/\/www.rogla-apartments.com\/en\/house-palegrinka-mali-drvenik\/\",\"name\":\"House Palegrinka Mali Drvenik - Apartmaji Rogla Dandi\",\"isPartOf\":{\"@id\":\"https:\/\/www.rogla-apartments.com\/#website\"},\"primaryImageOfPage\":{\"@id\":\"https:\/\/www.rogla-apartments.com\/en\/house-palegrinka-mali-drvenik\/#primaryimage\"},\"image\":{\"@id\":\"https:\/\/www.rogla-apartments.com\/en\/house-palegrinka-mali-drvenik\/#primaryimage\"},\"thumbnailUrl\":\"https:\/\/www.rogla-apartments.com\/wp-content\/uploads\/2020\/06\/favicon.jpg\",\"datePublished\":\"2020-06-15T07:39:20+00:00\",\"dateModified\":\"2023-12-06T10:46:57+00:00\",\"description\":\"Apartmaji Rogla Dandi\",\"inLanguage\":\"en-US\",\"potentialAction\":[{\"@type\":\"ReadAction\",\"target\":[\"https:\/\/www.rogla-apartments.com\/en\/house-palegrinka-mali-drvenik\/\"]}]},{\"@type\":\"ImageObject\",\"inLanguage\":\"en-US\",\"@id\":\"https:\/\/www.rogla-apartments.com\/en\/house-palegrinka-mali-drvenik\/#primaryimage\",\"url\":\"https:\/\/www.rogla-apartments.com\/wp-content\/uploads\/2020\/06\/favicon.jpg\",\"contentUrl\":\"https:\/\/www.rogla-apartments.com\/wp-content\/uploads\/2020\/06\/favicon.jpg\",\"width\":500,\"height\":500},{\"@type\":\"WebSite\",\"@id\":\"https:\/\/www.rogla-apartments.com\/#website\",\"url\":\"https:\/\/www.rogla-apartments.com\/\",\"name\":\"Apartmaji Rogla Dandi\",\"description\":\"Slovenija\",\"publisher\":{\"@id\":\"https:\/\/www.rogla-apartments.com\/#organization\"},\"potentialAction\":[{\"@type\":\"SearchAction\",\"target\":{\"@type\":\"EntryPoint\",\"urlTemplate\":\"https:\/\/www.rogla-apartments.com\/?s={search_term_string}\"},\"query-input\":{\"@type\":\"PropertyValueSpecification\",\"valueRequired\":true,\"valueName\":\"search_term_string\"}}],\"inLanguage\":\"en-US\"},{\"@type\":\"Organization\",\"@id\":\"https:\/\/www.rogla-apartments.com\/#organization\",\"name\":\"Apartmaji Rogla Dandi\",\"url\":\"https:\/\/www.rogla-apartments.com\/\",\"logo\":{\"@type\":\"ImageObject\",\"inLanguage\":\"en-US\",\"@id\":\"https:\/\/www.rogla-apartments.com\/#\/schema\/logo\/image\/\",\"url\":\"https:\/\/www.rogla-apartments.com\/wp-content\/uploads\/2023\/12\/Rogla-Apartments-Dandi_LOGO_Horizontal_RGB.png\",\"contentUrl\":\"https:\/\/www.rogla-apartments.com\/wp-content\/uploads\/2023\/12\/Rogla-Apartments-Dandi_LOGO_Horizontal_RGB.png\",\"width\":800,\"height\":160,\"caption\":\"Apartmaji Rogla Dandi\"},\"image\":{\"@id\":\"https:\/\/www.rogla-apartments.com\/#\/schema\/logo\/image\/\"},\"sameAs\":[\"https:\/\/www.facebook.com\/profile.php?id=100077858079393\",\"https:\/\/www.instagram.com\/explore\/locations\/458322446\/rogla-apartments-dandi\/\"]}]}<\/script>\n<!-- \/ Yoast SEO plugin. -->","yoast_head_json":{"title":"House Palegrinka Mali Drvenik - Apartmaji Rogla Dandi","description":"Apartmaji Rogla Dandi","robots":{"index":"index","follow":"follow","max-snippet":"max-snippet:-1","max-image-preview":"max-image-preview:large","max-video-preview":"max-video-preview:-1"},"canonical":"https:\/\/www.rogla-apartments.com\/en\/house-palegrinka-mali-drvenik\/","og_locale":"en_US","og_type":"article","og_title":"House Palegrinka Mali Drvenik - Apartmaji Rogla Dandi","og_description":"Apartmaji Rogla Dandi","og_url":"https:\/\/www.rogla-apartments.com\/en\/house-palegrinka-mali-drvenik\/","og_site_name":"Apartmaji Rogla Dandi","article_publisher":"https:\/\/www.facebook.com\/profile.php?id=100077858079393","article_modified_time":"2023-12-06T10:46:57+00:00","og_image":[{"width":500,"height":500,"url":"https:\/\/www.rogla-apartments.com\/wp-content\/uploads\/2020\/06\/favicon.jpg","type":"image\/jpeg"}],"twitter_card":"summary_large_image","twitter_misc":{"Est. reading time":"4 minutes"},"schema":{"@context":"https:\/\/schema.org","@graph":[{"@type":"WebPage","@id":"https:\/\/www.rogla-apartments.com\/en\/house-palegrinka-mali-drvenik\/","url":"https:\/\/www.rogla-apartments.com\/en\/house-palegrinka-mali-drvenik\/","name":"House Palegrinka Mali Drvenik - Apartmaji Rogla Dandi","isPartOf":{"@id":"https:\/\/www.rogla-apartments.com\/#website"},"primaryImageOfPage":{"@id":"https:\/\/www.rogla-apartments.com\/en\/house-palegrinka-mali-drvenik\/#primaryimage"},"image":{"@id":"https:\/\/www.rogla-apartments.com\/en\/house-palegrinka-mali-drvenik\/#primaryimage"},"thumbnailUrl":"https:\/\/www.rogla-apartments.com\/wp-content\/uploads\/2020\/06\/favicon.jpg","datePublished":"2020-06-15T07:39:20+00:00","dateModified":"2023-12-06T10:46:57+00:00","description":"Apartmaji Rogla Dandi","inLanguage":"en-US","potentialAction":[{"@type":"ReadAction","target":["https:\/\/www.rogla-apartments.com\/en\/house-palegrinka-mali-drvenik\/"]}]},{"@type":"ImageObject","inLanguage":"en-US","@id":"https:\/\/www.rogla-apartments.com\/en\/house-palegrinka-mali-drvenik\/#primaryimage","url":"https:\/\/www.rogla-apartments.com\/wp-content\/uploads\/2020\/06\/favicon.jpg","contentUrl":"https:\/\/www.rogla-apartments.com\/wp-content\/uploads\/2020\/06\/favicon.jpg","width":500,"height":500},{"@type":"WebSite","@id":"https:\/\/www.rogla-apartments.com\/#website","url":"https:\/\/www.rogla-apartments.com\/","name":"Apartmaji Rogla Dandi","description":"Slovenija","publisher":{"@id":"https:\/\/www.rogla-apartments.com\/#organization"},"potentialAction":[{"@type":"SearchAction","target":{"@type":"EntryPoint","urlTemplate":"https:\/\/www.rogla-apartments.com\/?s={search_term_string}"},"query-input":{"@type":"PropertyValueSpecification","valueRequired":true,"valueName":"search_term_string"}}],"inLanguage":"en-US"},{"@type":"Organization","@id":"https:\/\/www.rogla-apartments.com\/#organization","name":"Apartmaji Rogla Dandi","url":"https:\/\/www.rogla-apartments.com\/","logo":{"@type":"ImageObject","inLanguage":"en-US","@id":"https:\/\/www.rogla-apartments.com\/#\/schema\/logo\/image\/","url":"https:\/\/www.rogla-apartments.com\/wp-content\/uploads\/2023\/12\/Rogla-Apartments-Dandi_LOGO_Horizontal_RGB.png","contentUrl":"https:\/\/www.rogla-apartments.com\/wp-content\/uploads\/2023\/12\/Rogla-Apartments-Dandi_LOGO_Horizontal_RGB.png","width":800,"height":160,"caption":"Apartmaji Rogla Dandi"},"image":{"@id":"https:\/\/www.rogla-apartments.com\/#\/schema\/logo\/image\/"},"sameAs":["https:\/\/www.facebook.com\/profile.php?id=100077858079393","https:\/\/www.instagram.com\/explore\/locations\/458322446\/rogla-apartments-dandi\/"]}]}},"_links":{"self":[{"href":"https:\/\/www.rogla-apartments.com\/en\/wp-json\/wp\/v2\/pages\/987468606","targetHints":{"allow":["GET"]}}],"collection":[{"href":"https:\/\/www.rogla-apartments.com\/en\/wp-json\/wp\/v2\/pages"}],"about":[{"href":"https:\/\/www.rogla-apartments.com\/en\/wp-json\/wp\/v2\/types\/page"}],"author":[{"embeddable":true,"href":"https:\/\/www.rogla-apartments.com\/en\/wp-json\/wp\/v2\/users\/1"}],"replies":[{"embeddable":true,"href":"https:\/\/www.rogla-apartments.com\/en\/wp-json\/wp\/v2\/comments?post=987468606"}],"version-history":[{"count":5,"href":"https:\/\/www.rogla-apartments.com\/en\/wp-json\/wp\/v2\/pages\/987468606\/revisions"}],"predecessor-version":[{"id":987471316,"href":"https:\/\/www.rogla-apartments.com\/en\/wp-json\/wp\/v2\/pages\/987468606\/revisions\/987471316"}],"wp:featuredmedia":[{"embeddable":true,"href":"https:\/\/www.rogla-apartments.com\/en\/wp-json\/wp\/v2\/media\/987468077"}],"wp:attachment":[{"href":"https:\/\/www.rogla-apartments.com\/en\/wp-json\/wp\/v2\/media?parent=987468606"}],"wp:term":[{"taxonomy":"category","embeddable":true,"href":"https:\/\/www.rogla-apartments.com\/en\/wp-json\/wp\/v2\/categories?post=987468606"},{"taxonomy":"post_tag","embeddable":true,"href":"https:\/\/www.rogla-apartments.com\/en\/wp-json\/wp\/v2\/tags?post=987468606"}],"curies":[{"name":"wp","href":"https:\/\/api.w.org\/{rel}","templated":true}]}}