{"id":987468632,"date":"2020-06-05T18:48:51","date_gmt":"2020-06-05T16:48:51","guid":{"rendered":"https:\/\/www.rogla-apartments.com\/?page_id=987468632"},"modified":"2025-11-30T12:36:46","modified_gmt":"2025-11-30T11:36:46","slug":"webcam-jurgovo","status":"publish","type":"page","link":"https:\/\/www.rogla-apartments.com\/en\/webcam-jurgovo\/","title":{"rendered":"Jurgovo LIVE"},"content":{"rendered":"\n<div class=\"responsiveWrapper\"><div class=\"embed-container\"><iframe style=\"border: 0;\" src=\"https:\/\/www.whatsupcams.com\/wgt\/si_dandi01\" frameborder=\"0\" marginwidth=\"0\" marginheight=\"0\" scrolling=\"no\" allowfullscreen=\"allowfullscreen\">\n<\/iframe><\/div><\/div>\n\n\n\n<h2 class=\"wp-block-heading\">Water Village Lukanja \u2013 Pohorje houses<\/h2>\n\n\n\n<style>.embed-container { position: relative; padding-bottom: 65%; height: 0; overflow: hidden; max-width: 100%; margin-bottom: 50px;} .embed-container iframe, .embed-container object, .embed-container embed { position: absolute; top: 0; left: 0; width: 100%; height: 100%; }<\/style> <div class=\"embed-container\"><iframe style=\"border: 0;\" src=\"https:\/\/www.whatsupcams.com\/wgt\/si_dandi02\" frameborder=\"0\" marginwidth=\"0\" marginheight=\"0\" scrolling=\"no\" allowfullscreen=\"allowfullscreen\"> <\/iframe><\/div>\n\n\n\n<h3 class=\"wp-block-heading\">Vrh Rogle<\/h3>\n\n\n\n<style>.embed-container { position: relative; padding-bottom: 65%; height: 0; overflow: hidden; max-width: 100%; margin-bottom: 50px;} .embed-container iframe, .embed-container object, .embed-container embed { position: absolute; top: 0; left: 0; width: 100%; height: 100%; }<\/style> <div class=\"embed-container\"><iframe style=\"border: 0;\" src=\"https:\/\/www.whatsupcams.com\/wgt\/si_rogla1\" frameborder=\"0\" marginwidth=\"0\" marginheight=\"0\" scrolling=\"no\" allowfullscreen=\"allowfullscreen\"> <\/iframe><\/div>\n\n\n\n<h3 class=\"wp-block-heading\">Ma\u0161in\u017eaga<\/h3>\n\n\n\n<div class=\"responsiveWrapper\"><div class=\"embed-container\"><iframe style=\"border: 0;\" src=\"https:\/\/www.whatsupcams.com\/wgt\/si_rogla8\" frameborder=\"0\" marginwidth=\"0\" marginheight=\"0\" scrolling=\"no\" allowfullscreen=\"allowfullscreen\">\n<\/iframe><\/div><\/div>\n\n\n\n<h3 class=\"wp-block-heading\">Unior\u010dek I, II<\/h3>\n\n\n\n<style>.embed-container { position: relative; padding-bottom: 65%; height: 0; overflow: hidden; max-width: 100%; margin-bottom: 50px;} .embed-container iframe, .embed-container object, .embed-container embed { position: absolute; top: 0; left: 0; width: 100%; height: 100%; }<\/style> <div class=\"embed-container\"><iframe style=\"border: 0;\" src=\"https:\/\/www.whatsupcams.com\/wgt\/si_rogla2\" frameborder=\"0\" marginwidth=\"0\" marginheight=\"0\" scrolling=\"no\" allowfullscreen=\"allowfullscreen\"> <\/iframe><\/div>\n\n\n\n<h3 class=\"wp-block-heading\">Ostru\u0161\u010dica I in II<\/h3>\n\n\n\n<style>.embed-container { position: relative; padding-bottom: 65%; height: 0; overflow: hidden; max-width: 100%; margin-bottom: 50px;} .embed-container iframe, .embed-container object, .embed-container embed { position: absolute; top: 0; left: 0; width: 100%; height: 100%; }<\/style> <div class=\"embed-container\"><iframe style=\"border: 0;\" src=\"https:\/\/www.whatsupcams.com\/wgt\/si_rogla10\" frameborder=\"0\" marginwidth=\"0\" marginheight=\"0\" scrolling=\"no\" allowfullscreen=\"allowfullscreen\"> <\/iframe><\/div>\n\n\n\n<h3 class=\"wp-block-heading\">Planja, Jasa<\/h3>\n\n\n\n<style>.embed-container { position: relative; padding-bottom: 65%; height: 0; overflow: hidden; max-width: 100%; margin-bottom: 50px;} .embed-container iframe, .embed-container object, .embed-container embed { position: absolute; top: 0; left: 0; width: 100%; height: 100%; }<\/style> <div class=\"embed-container\"><iframe style=\"border: 0;\" src=\"https:\/\/www.whatsupcams.com\/wgt\/si_rogla7\" frameborder=\"0\" marginwidth=\"0\" marginheight=\"0\" scrolling=\"no\" allowfullscreen=\"allowfullscreen\"> <\/iframe><\/div>\n\n\n\n<h3 class=\"wp-block-heading\">Jurgovo<\/h3>\n\n\n\n<style>.embed-container { position: relative; padding-bottom: 65%; height: 0; overflow: hidden; max-width: 100%; margin-bottom: 50px;} .embed-container iframe, .embed-container object, .embed-container embed { position: absolute; top: 0; left: 0; width: 100%; height: 100%; }<\/style> <div class=\"embed-container\"><iframe style=\"border: 0;\" src=\"https:\/\/www.whatsupcams.com\/wgt\/si_rogla5\" frameborder=\"0\" marginwidth=\"0\" marginheight=\"0\" scrolling=\"no\" allowfullscreen=\"allowfullscreen\"> <\/iframe><\/div>\n\n\n\n<h3 class=\"wp-block-heading\">Teka\u0161ki poligon<\/h3>\n\n\n\n<style>.embed-container { position: relative; padding-bottom: 65%; height: 0; overflow: hidden; max-width: 100%; margin-bottom: 50px;} .embed-container iframe, .embed-container object, .embed-container embed { position: absolute; top: 0; left: 0; width: 100%; height: 100%; }<\/style> <div class=\"embed-container\"><iframe style=\"border: 0;\" src=\"https:\/\/www.whatsupcams.com\/wgt\/si_rogla9\" frameborder=\"0\" marginwidth=\"0\" marginheight=\"0\" scrolling=\"no\" allowfullscreen=\"allowfullscreen\"> <\/iframe><\/div>\n\n\n\n<p><\/p>\n","protected":false},"excerpt":{"rendered":"<p>Water Village Lukanja \u2013 Pohorje houses Vrh Rogle Ma\u0161in\u017eaga Unior\u010dek I, II Ostru\u0161\u010dica I in II Planja, Jasa Jurgovo Teka\u0161ki poligon<\/p>\n","protected":false},"author":1,"featured_media":987468635,"parent":0,"menu_order":0,"comment_status":"closed","ping_status":"closed","template":"","meta":{"footnotes":""},"categories":[],"tags":[],"class_list":["post-987468632","page","type-page","status-publish","has-post-thumbnail","hentry"],"yoast_head":"<!-- This site is optimized with the Yoast SEO plugin v27.2 - https:\/\/yoast.com\/product\/yoast-seo-wordpress\/ -->\n<title>Jurgovo LIVE - Apartmaji Rogla Dandi<\/title>\n<meta name=\"description\" content=\"Apartmaji Rogla Dandi\" \/>\n<meta name=\"robots\" content=\"index, follow, max-snippet:-1, max-image-preview:large, max-video-preview:-1\" \/>\n<link rel=\"canonical\" href=\"https:\/\/www.rogla-apartments.com\/en\/webcam-jurgovo\/\" \/>\n<meta property=\"og:locale\" content=\"en_US\" \/>\n<meta property=\"og:type\" content=\"article\" \/>\n<meta property=\"og:title\" content=\"Jurgovo LIVE - Apartmaji Rogla Dandi\" \/>\n<meta property=\"og:description\" content=\"Apartmaji Rogla Dandi\" \/>\n<meta property=\"og:url\" content=\"https:\/\/www.rogla-apartments.com\/en\/webcam-jurgovo\/\" \/>\n<meta property=\"og:site_name\" content=\"Apartmaji Rogla Dandi\" \/>\n<meta property=\"article:publisher\" content=\"https:\/\/www.facebook.com\/profile.php?id=100077858079393\" \/>\n<meta property=\"article:modified_time\" content=\"2025-11-30T11:36:46+00:00\" \/>\n<meta property=\"og:image\" content=\"https:\/\/www.rogla-apartments.com\/wp-content\/uploads\/2020\/06\/kamera-vzivo-jurgovo.jpg\" \/>\n\t<meta property=\"og:image:width\" content=\"960\" \/>\n\t<meta property=\"og:image:height\" content=\"711\" \/>\n\t<meta property=\"og:image:type\" content=\"image\/jpeg\" \/>\n<meta name=\"twitter:card\" content=\"summary_large_image\" \/>\n<meta name=\"twitter:label1\" content=\"Est. reading time\" \/>\n\t<meta name=\"twitter:data1\" content=\"1 minute\" \/>\n<script type=\"application\/ld+json\" class=\"yoast-schema-graph\">{\"@context\":\"https:\/\/schema.org\",\"@graph\":[{\"@type\":\"WebPage\",\"@id\":\"https:\/\/www.rogla-apartments.com\/en\/webcam-jurgovo\/\",\"url\":\"https:\/\/www.rogla-apartments.com\/en\/webcam-jurgovo\/\",\"name\":\"Jurgovo LIVE - Apartmaji Rogla Dandi\",\"isPartOf\":{\"@id\":\"https:\/\/www.rogla-apartments.com\/#website\"},\"primaryImageOfPage\":{\"@id\":\"https:\/\/www.rogla-apartments.com\/en\/webcam-jurgovo\/#primaryimage\"},\"image\":{\"@id\":\"https:\/\/www.rogla-apartments.com\/en\/webcam-jurgovo\/#primaryimage\"},\"thumbnailUrl\":\"https:\/\/www.rogla-apartments.com\/wp-content\/uploads\/2020\/06\/kamera-vzivo-jurgovo.jpg\",\"datePublished\":\"2020-06-05T16:48:51+00:00\",\"dateModified\":\"2025-11-30T11:36:46+00:00\",\"description\":\"Apartmaji Rogla Dandi\",\"inLanguage\":\"en-US\",\"potentialAction\":[{\"@type\":\"ReadAction\",\"target\":[\"https:\/\/www.rogla-apartments.com\/en\/webcam-jurgovo\/\"]}]},{\"@type\":\"ImageObject\",\"inLanguage\":\"en-US\",\"@id\":\"https:\/\/www.rogla-apartments.com\/en\/webcam-jurgovo\/#primaryimage\",\"url\":\"https:\/\/www.rogla-apartments.com\/wp-content\/uploads\/2020\/06\/kamera-vzivo-jurgovo.jpg\",\"contentUrl\":\"https:\/\/www.rogla-apartments.com\/wp-content\/uploads\/2020\/06\/kamera-vzivo-jurgovo.jpg\",\"width\":960,\"height\":711},{\"@type\":\"WebSite\",\"@id\":\"https:\/\/www.rogla-apartments.com\/#website\",\"url\":\"https:\/\/www.rogla-apartments.com\/\",\"name\":\"Apartmaji Rogla Dandi\",\"description\":\"Slovenija\",\"publisher\":{\"@id\":\"https:\/\/www.rogla-apartments.com\/#organization\"},\"potentialAction\":[{\"@type\":\"SearchAction\",\"target\":{\"@type\":\"EntryPoint\",\"urlTemplate\":\"https:\/\/www.rogla-apartments.com\/?s={search_term_string}\"},\"query-input\":{\"@type\":\"PropertyValueSpecification\",\"valueRequired\":true,\"valueName\":\"search_term_string\"}}],\"inLanguage\":\"en-US\"},{\"@type\":\"Organization\",\"@id\":\"https:\/\/www.rogla-apartments.com\/#organization\",\"name\":\"Apartmaji Rogla Dandi\",\"url\":\"https:\/\/www.rogla-apartments.com\/\",\"logo\":{\"@type\":\"ImageObject\",\"inLanguage\":\"en-US\",\"@id\":\"https:\/\/www.rogla-apartments.com\/#\/schema\/logo\/image\/\",\"url\":\"https:\/\/www.rogla-apartments.com\/wp-content\/uploads\/2023\/12\/Rogla-Apartments-Dandi_LOGO_Horizontal_RGB.png\",\"contentUrl\":\"https:\/\/www.rogla-apartments.com\/wp-content\/uploads\/2023\/12\/Rogla-Apartments-Dandi_LOGO_Horizontal_RGB.png\",\"width\":800,\"height\":160,\"caption\":\"Apartmaji Rogla Dandi\"},\"image\":{\"@id\":\"https:\/\/www.rogla-apartments.com\/#\/schema\/logo\/image\/\"},\"sameAs\":[\"https:\/\/www.facebook.com\/profile.php?id=100077858079393\",\"https:\/\/www.instagram.com\/explore\/locations\/458322446\/rogla-apartments-dandi\/\"]}]}<\/script>\n<!-- \/ Yoast SEO plugin. -->","yoast_head_json":{"title":"Jurgovo LIVE - Apartmaji Rogla Dandi","description":"Apartmaji Rogla Dandi","robots":{"index":"index","follow":"follow","max-snippet":"max-snippet:-1","max-image-preview":"max-image-preview:large","max-video-preview":"max-video-preview:-1"},"canonical":"https:\/\/www.rogla-apartments.com\/en\/webcam-jurgovo\/","og_locale":"en_US","og_type":"article","og_title":"Jurgovo LIVE - Apartmaji Rogla Dandi","og_description":"Apartmaji Rogla Dandi","og_url":"https:\/\/www.rogla-apartments.com\/en\/webcam-jurgovo\/","og_site_name":"Apartmaji Rogla Dandi","article_publisher":"https:\/\/www.facebook.com\/profile.php?id=100077858079393","article_modified_time":"2025-11-30T11:36:46+00:00","og_image":[{"width":960,"height":711,"url":"https:\/\/www.rogla-apartments.com\/wp-content\/uploads\/2020\/06\/kamera-vzivo-jurgovo.jpg","type":"image\/jpeg"}],"twitter_card":"summary_large_image","twitter_misc":{"Est. reading time":"1 minute"},"schema":{"@context":"https:\/\/schema.org","@graph":[{"@type":"WebPage","@id":"https:\/\/www.rogla-apartments.com\/en\/webcam-jurgovo\/","url":"https:\/\/www.rogla-apartments.com\/en\/webcam-jurgovo\/","name":"Jurgovo LIVE - Apartmaji Rogla Dandi","isPartOf":{"@id":"https:\/\/www.rogla-apartments.com\/#website"},"primaryImageOfPage":{"@id":"https:\/\/www.rogla-apartments.com\/en\/webcam-jurgovo\/#primaryimage"},"image":{"@id":"https:\/\/www.rogla-apartments.com\/en\/webcam-jurgovo\/#primaryimage"},"thumbnailUrl":"https:\/\/www.rogla-apartments.com\/wp-content\/uploads\/2020\/06\/kamera-vzivo-jurgovo.jpg","datePublished":"2020-06-05T16:48:51+00:00","dateModified":"2025-11-30T11:36:46+00:00","description":"Apartmaji Rogla Dandi","inLanguage":"en-US","potentialAction":[{"@type":"ReadAction","target":["https:\/\/www.rogla-apartments.com\/en\/webcam-jurgovo\/"]}]},{"@type":"ImageObject","inLanguage":"en-US","@id":"https:\/\/www.rogla-apartments.com\/en\/webcam-jurgovo\/#primaryimage","url":"https:\/\/www.rogla-apartments.com\/wp-content\/uploads\/2020\/06\/kamera-vzivo-jurgovo.jpg","contentUrl":"https:\/\/www.rogla-apartments.com\/wp-content\/uploads\/2020\/06\/kamera-vzivo-jurgovo.jpg","width":960,"height":711},{"@type":"WebSite","@id":"https:\/\/www.rogla-apartments.com\/#website","url":"https:\/\/www.rogla-apartments.com\/","name":"Apartmaji Rogla Dandi","description":"Slovenija","publisher":{"@id":"https:\/\/www.rogla-apartments.com\/#organization"},"potentialAction":[{"@type":"SearchAction","target":{"@type":"EntryPoint","urlTemplate":"https:\/\/www.rogla-apartments.com\/?s={search_term_string}"},"query-input":{"@type":"PropertyValueSpecification","valueRequired":true,"valueName":"search_term_string"}}],"inLanguage":"en-US"},{"@type":"Organization","@id":"https:\/\/www.rogla-apartments.com\/#organization","name":"Apartmaji Rogla Dandi","url":"https:\/\/www.rogla-apartments.com\/","logo":{"@type":"ImageObject","inLanguage":"en-US","@id":"https:\/\/www.rogla-apartments.com\/#\/schema\/logo\/image\/","url":"https:\/\/www.rogla-apartments.com\/wp-content\/uploads\/2023\/12\/Rogla-Apartments-Dandi_LOGO_Horizontal_RGB.png","contentUrl":"https:\/\/www.rogla-apartments.com\/wp-content\/uploads\/2023\/12\/Rogla-Apartments-Dandi_LOGO_Horizontal_RGB.png","width":800,"height":160,"caption":"Apartmaji Rogla Dandi"},"image":{"@id":"https:\/\/www.rogla-apartments.com\/#\/schema\/logo\/image\/"},"sameAs":["https:\/\/www.facebook.com\/profile.php?id=100077858079393","https:\/\/www.instagram.com\/explore\/locations\/458322446\/rogla-apartments-dandi\/"]}]}},"_links":{"self":[{"href":"https:\/\/www.rogla-apartments.com\/en\/wp-json\/wp\/v2\/pages\/987468632","targetHints":{"allow":["GET"]}}],"collection":[{"href":"https:\/\/www.rogla-apartments.com\/en\/wp-json\/wp\/v2\/pages"}],"about":[{"href":"https:\/\/www.rogla-apartments.com\/en\/wp-json\/wp\/v2\/types\/page"}],"author":[{"embeddable":true,"href":"https:\/\/www.rogla-apartments.com\/en\/wp-json\/wp\/v2\/users\/1"}],"replies":[{"embeddable":true,"href":"https:\/\/www.rogla-apartments.com\/en\/wp-json\/wp\/v2\/comments?post=987468632"}],"version-history":[{"count":7,"href":"https:\/\/www.rogla-apartments.com\/en\/wp-json\/wp\/v2\/pages\/987468632\/revisions"}],"predecessor-version":[{"id":987471607,"href":"https:\/\/www.rogla-apartments.com\/en\/wp-json\/wp\/v2\/pages\/987468632\/revisions\/987471607"}],"wp:featuredmedia":[{"embeddable":true,"href":"https:\/\/www.rogla-apartments.com\/en\/wp-json\/wp\/v2\/media\/987468635"}],"wp:attachment":[{"href":"https:\/\/www.rogla-apartments.com\/en\/wp-json\/wp\/v2\/media?parent=987468632"}],"wp:term":[{"taxonomy":"category","embeddable":true,"href":"https:\/\/www.rogla-apartments.com\/en\/wp-json\/wp\/v2\/categories?post=987468632"},{"taxonomy":"post_tag","embeddable":true,"href":"https:\/\/www.rogla-apartments.com\/en\/wp-json\/wp\/v2\/tags?post=987468632"}],"curies":[{"name":"wp","href":"https:\/\/api.w.org\/{rel}","templated":true}]}}