{"id":987468644,"date":"2020-06-05T18:52:27","date_gmt":"2020-06-05T16:52:27","guid":{"rendered":"https:\/\/www.rogla-apartments.com\/?page_id=987468644"},"modified":"2023-12-06T09:40:52","modified_gmt":"2023-12-06T08:40:52","slug":"discounts","status":"publish","type":"page","link":"https:\/\/www.rogla-apartments.com\/en\/discounts\/","title":{"rendered":"Discounts"},"content":{"rendered":"\n<div class=\"wp-block-columns has-white-background-color has-background is-layout-flex wp-container-core-columns-is-layout-9d6595d7 wp-block-columns-is-layout-flex\">\n<div class=\"wp-block-column is-layout-flow wp-block-column-is-layout-flow\" style=\"flex-basis:40%\">\n<figure class=\"wp-block-image size-full\"><img loading=\"lazy\" decoding=\"async\" width=\"1024\" height=\"576\" src=\"https:\/\/www.rogla-apartments.com\/wp-content\/uploads\/2020\/06\/vino-andrejc.jpg\" alt=\"Vino Andrejc\" class=\"wp-image-987468879\" srcset=\"https:\/\/www.rogla-apartments.com\/wp-content\/uploads\/2020\/06\/vino-andrejc.jpg 1024w, https:\/\/www.rogla-apartments.com\/wp-content\/uploads\/2020\/06\/vino-andrejc-300x169.jpg 300w, https:\/\/www.rogla-apartments.com\/wp-content\/uploads\/2020\/06\/vino-andrejc-768x432.jpg 768w, https:\/\/www.rogla-apartments.com\/wp-content\/uploads\/2020\/06\/vino-andrejc-980x551.jpg 980w, https:\/\/www.rogla-apartments.com\/wp-content\/uploads\/2020\/06\/vino-andrejc-480x270.jpg 480w, https:\/\/www.rogla-apartments.com\/wp-content\/uploads\/2020\/06\/vino-andrejc-600x338.jpg 600w\" sizes=\"auto, (max-width: 1024px) 100vw, 1024px\" \/><\/figure>\n<\/div>\n\n\n\n<div class=\"wp-block-column is-layout-flow wp-block-column-is-layout-flow\" style=\"flex-basis:60%\">\n<h1 class=\"wp-block-heading\">Vino Andrejc<\/h1>\n\n\n\n<p>Guests of Rogla apartmetns Dundi are offered cheaper tastings and wine purchases upon booking.<\/p>\n\n\n\n<div style=\"height:30px\" aria-hidden=\"true\" class=\"wp-block-spacer\"><\/div>\n\n\n\n<div class=\"wp-block-columns is-layout-flex wp-container-core-columns-is-layout-9d6595d7 wp-block-columns-is-layout-flex\">\n<div class=\"wp-block-column is-layout-flow wp-block-column-is-layout-flow\">\n<h4 class=\"wp-block-heading\">E-mail<\/h4>\n\n\n\n<p><a href=\"mailto:vino.andrejc@gmail.com\" target=\"_blank\" rel=\"noreferrer noopener\">vino.andrejc@gmail.com<\/a><\/p>\n<\/div>\n\n\n\n<div class=\"wp-block-column is-layout-flow wp-block-column-is-layout-flow\">\n<h4 class=\"wp-block-heading\">Phone<\/h4>\n\n\n\n<p><a href=\"tel:+386 41 669 289\" target=\"_blank\" rel=\"noreferrer noopener\">+386 41 669 289<\/a><\/p>\n<\/div>\n\n\n\n<div class=\"wp-block-column is-layout-flow wp-block-column-is-layout-flow\">\n<h4 class=\"wp-block-heading\">Location<\/h4>\n\n\n\n<p><a href=\"https:\/\/maps.app.goo.gl\/WgptfSNLWpBAw9wr8\" target=\"_blank\" rel=\"noreferrer noopener\">Ilirska pot 1, 3214 Zre\u010de<\/a><\/p>\n<\/div>\n<\/div>\n<\/div>\n<\/div>\n\n\n\n<div class=\"wp-block-columns has-white-background-color has-background is-layout-flex wp-container-core-columns-is-layout-9d6595d7 wp-block-columns-is-layout-flex\">\n<div class=\"wp-block-column is-layout-flow wp-block-column-is-layout-flow\" style=\"flex-basis:40%\">\n<figure class=\"wp-block-image size-full\"><img loading=\"lazy\" decoding=\"async\" width=\"1024\" height=\"576\" src=\"https:\/\/www.rogla-apartments.com\/wp-content\/uploads\/2020\/06\/hotel-jakec-trije-kralji.jpg\" alt=\"Hotel Jakec Trije Kralji\" class=\"wp-image-987468881\" srcset=\"https:\/\/www.rogla-apartments.com\/wp-content\/uploads\/2020\/06\/hotel-jakec-trije-kralji.jpg 1024w, https:\/\/www.rogla-apartments.com\/wp-content\/uploads\/2020\/06\/hotel-jakec-trije-kralji-300x169.jpg 300w, https:\/\/www.rogla-apartments.com\/wp-content\/uploads\/2020\/06\/hotel-jakec-trije-kralji-768x432.jpg 768w, https:\/\/www.rogla-apartments.com\/wp-content\/uploads\/2020\/06\/hotel-jakec-trije-kralji-980x551.jpg 980w, https:\/\/www.rogla-apartments.com\/wp-content\/uploads\/2020\/06\/hotel-jakec-trije-kralji-480x270.jpg 480w, https:\/\/www.rogla-apartments.com\/wp-content\/uploads\/2020\/06\/hotel-jakec-trije-kralji-600x338.jpg 600w\" sizes=\"auto, (max-width: 1024px) 100vw, 1024px\" \/><\/figure>\n<\/div>\n\n\n\n<div class=\"wp-block-column is-layout-flow wp-block-column-is-layout-flow\" style=\"flex-basis:60%\">\n<h1 class=\"wp-block-heading\">Hotel Jakec Trije Kralji<\/h1>\n\n\n\n<p>Rogla apartments Dandi offers guests reduced prices for lunches and bowling and wellness services.<\/p>\n\n\n\n<div style=\"height:30px\" aria-hidden=\"true\" class=\"wp-block-spacer\"><\/div>\n\n\n\n<div class=\"wp-block-columns is-layout-flex wp-container-core-columns-is-layout-9d6595d7 wp-block-columns-is-layout-flex\">\n<div class=\"wp-block-column is-layout-flow wp-block-column-is-layout-flow\">\n<h4 class=\"wp-block-heading\">E-mail<\/h4>\n\n\n\n<p><a href=\"mailto:vino.andrejc@gmail.com\" target=\"_blank\" rel=\"noreferrer noopener\">hotel@jakec.si<\/a><\/p>\n<\/div>\n\n\n\n<div class=\"wp-block-column is-layout-flow wp-block-column-is-layout-flow\">\n<h4 class=\"wp-block-heading\">Phone<\/h4>\n\n\n\n<p><a href=\"tel:+386 41 669 289\" target=\"_blank\" rel=\"noreferrer noopener\">+386 2 803 45 06<\/a><\/p>\n<\/div>\n\n\n\n<div class=\"wp-block-column is-layout-flow wp-block-column-is-layout-flow\">\n<h4 class=\"wp-block-heading\">Location<\/h4>\n\n\n\n<p><a href=\"https:\/\/maps.app.goo.gl\/CBvpXB6gYfBN5c4E8\" target=\"_blank\" rel=\"noreferrer noopener\">Planina pod \u0160umikom 5, 2316 Zgornja Lo\u017enica<\/a><\/p>\n<\/div>\n<\/div>\n<\/div>\n<\/div>\n\n\n\n<div class=\"wp-block-columns has-white-background-color has-background is-layout-flex wp-container-core-columns-is-layout-9d6595d7 wp-block-columns-is-layout-flex\">\n<div class=\"wp-block-column is-layout-flow wp-block-column-is-layout-flow\" style=\"flex-basis:40%\">\n<figure class=\"wp-block-image size-full\"><img loading=\"lazy\" decoding=\"async\" width=\"1024\" height=\"576\" src=\"https:\/\/www.rogla-apartments.com\/wp-content\/uploads\/2020\/06\/gostilna-smogavc-gorenje.jpg\" alt=\"Gostilna Smogavc Gorenje\" class=\"wp-image-987468883\" srcset=\"https:\/\/www.rogla-apartments.com\/wp-content\/uploads\/2020\/06\/gostilna-smogavc-gorenje.jpg 1024w, https:\/\/www.rogla-apartments.com\/wp-content\/uploads\/2020\/06\/gostilna-smogavc-gorenje-300x169.jpg 300w, https:\/\/www.rogla-apartments.com\/wp-content\/uploads\/2020\/06\/gostilna-smogavc-gorenje-768x432.jpg 768w, https:\/\/www.rogla-apartments.com\/wp-content\/uploads\/2020\/06\/gostilna-smogavc-gorenje-980x551.jpg 980w, https:\/\/www.rogla-apartments.com\/wp-content\/uploads\/2020\/06\/gostilna-smogavc-gorenje-480x270.jpg 480w, https:\/\/www.rogla-apartments.com\/wp-content\/uploads\/2020\/06\/gostilna-smogavc-gorenje-600x338.jpg 600w\" sizes=\"auto, (max-width: 1024px) 100vw, 1024px\" \/><\/figure>\n<\/div>\n\n\n\n<div class=\"wp-block-column is-layout-flow wp-block-column-is-layout-flow\" style=\"flex-basis:60%\">\n<h1 class=\"wp-block-heading\">Gostilna Smogavc Gorenje<\/h1>\n\n\n\n<p>Guests of Rogla apartments Dandi are offered reduced prices for lunches and a la carte meals.<\/p>\n\n\n\n<div style=\"height:30px\" aria-hidden=\"true\" class=\"wp-block-spacer\"><\/div>\n\n\n\n<div class=\"wp-block-columns is-layout-flex wp-container-core-columns-is-layout-9d6595d7 wp-block-columns-is-layout-flex\">\n<div class=\"wp-block-column is-layout-flow wp-block-column-is-layout-flow\">\n<h4 class=\"wp-block-heading\">E-mail<\/h4>\n\n\n\n<p><a href=\"mailto:info@smogavc.com\" target=\"_blank\" rel=\"noreferrer noopener\">info@smogavc.com<\/a><\/p>\n<\/div>\n\n\n\n<div class=\"wp-block-column is-layout-flow wp-block-column-is-layout-flow\">\n<h4 class=\"wp-block-heading\">Phone<\/h4>\n\n\n\n<p><a href=\"tel:+386 41 375 256\" target=\"_blank\" rel=\"noreferrer noopener\">+386 41 375 256<\/a><\/p>\n<\/div>\n\n\n\n<div class=\"wp-block-column is-layout-flow wp-block-column-is-layout-flow\">\n<h4 class=\"wp-block-heading\">Location<\/h4>\n\n\n\n<p><a href=\"https:\/\/maps.app.goo.gl\/ExHzZdPLAjtDWZku9\" target=\"_blank\" rel=\"noreferrer noopener\">Gorenje pri Zre\u010dah 27, 3214 Zre\u010de<\/a><\/p>\n<\/div>\n<\/div>\n<\/div>\n<\/div>\n\n\n\n<div class=\"wp-block-columns has-white-background-color has-background is-layout-flex wp-container-core-columns-is-layout-9d6595d7 wp-block-columns-is-layout-flex\">\n<div class=\"wp-block-column is-layout-flow wp-block-column-is-layout-flow\" style=\"flex-basis:40%\">\n<figure class=\"wp-block-image size-full\"><img loading=\"lazy\" decoding=\"async\" width=\"1024\" height=\"576\" src=\"https:\/\/www.rogla-apartments.com\/wp-content\/uploads\/2020\/06\/prenosne-smuacetrske-vozovnice-dandi.jpg\" alt=\"Prenosne smu\u010darske vozovnice Dandi\" class=\"wp-image-987468875\" srcset=\"https:\/\/www.rogla-apartments.com\/wp-content\/uploads\/2020\/06\/prenosne-smuacetrske-vozovnice-dandi.jpg 1024w, https:\/\/www.rogla-apartments.com\/wp-content\/uploads\/2020\/06\/prenosne-smuacetrske-vozovnice-dandi-300x169.jpg 300w, https:\/\/www.rogla-apartments.com\/wp-content\/uploads\/2020\/06\/prenosne-smuacetrske-vozovnice-dandi-768x432.jpg 768w, https:\/\/www.rogla-apartments.com\/wp-content\/uploads\/2020\/06\/prenosne-smuacetrske-vozovnice-dandi-980x551.jpg 980w, https:\/\/www.rogla-apartments.com\/wp-content\/uploads\/2020\/06\/prenosne-smuacetrske-vozovnice-dandi-480x270.jpg 480w, https:\/\/www.rogla-apartments.com\/wp-content\/uploads\/2020\/06\/prenosne-smuacetrske-vozovnice-dandi-600x338.jpg 600w\" sizes=\"auto, (max-width: 1024px) 100vw, 1024px\" \/><\/figure>\n<\/div>\n\n\n\n<div class=\"wp-block-column is-layout-flow wp-block-column-is-layout-flow\" style=\"flex-basis:60%\">\n<h1 class=\"wp-block-heading\">Portable Ski-passes Dandii<\/h1>\n\n\n\n<p>Guests of Rogla apartmetns Dundee offer guests a reduced price of portable ski passes with additional benefits upon booking and availability.<\/p>\n\n\n\n<div style=\"height:30px\" aria-hidden=\"true\" class=\"wp-block-spacer\"><\/div>\n\n\n\n<div class=\"wp-block-columns is-layout-flex wp-container-core-columns-is-layout-9d6595d7 wp-block-columns-is-layout-flex\">\n<div class=\"wp-block-column is-layout-flow wp-block-column-is-layout-flow\">\n<h4 class=\"wp-block-heading\">E-mail<\/h4>\n\n\n\n<p><a href=\"mailto:dandi@dandi.si\" target=\"_blank\" rel=\"noreferrer noopener\">dandi@dandi.si<\/a><\/p>\n<\/div>\n\n\n\n<div class=\"wp-block-column is-layout-flow wp-block-column-is-layout-flow\">\n<h4 class=\"wp-block-heading\">Phone<\/h4>\n\n\n\n<p><a href=\"tel:+386 51 655 016\" target=\"_blank\" rel=\"noreferrer noopener\">+386 51 655 016<\/a><\/p>\n<\/div>\n\n\n\n<div class=\"wp-block-column is-layout-flow wp-block-column-is-layout-flow\">\n<h4 class=\"wp-block-heading\">Location<\/h4>\n\n\n\n<p><a href=\"https:\/\/maps.app.goo.gl\/ntKyE6PitJciU4TQ7\" target=\"_blank\" rel=\"noreferrer noopener\">Lukanja 20, 2317 Oplotnica<\/a><\/p>\n<\/div>\n<\/div>\n<\/div>\n<\/div>\n\n\n\n<div class=\"wp-block-columns has-white-background-color has-background is-layout-flex wp-container-core-columns-is-layout-9d6595d7 wp-block-columns-is-layout-flex\">\n<div class=\"wp-block-column is-layout-flow wp-block-column-is-layout-flow\" style=\"flex-basis:40%\">\n<figure class=\"wp-block-image size-full\"><img loading=\"lazy\" decoding=\"async\" width=\"1024\" height=\"576\" src=\"https:\/\/www.rogla-apartments.com\/wp-content\/uploads\/2020\/06\/sola-sneznih-sportov-rogla.jpg\" alt=\"\u0160ola sne\u017enih \u0161portov Rogla\" class=\"wp-image-987468877\" srcset=\"https:\/\/www.rogla-apartments.com\/wp-content\/uploads\/2020\/06\/sola-sneznih-sportov-rogla.jpg 1024w, https:\/\/www.rogla-apartments.com\/wp-content\/uploads\/2020\/06\/sola-sneznih-sportov-rogla-300x169.jpg 300w, https:\/\/www.rogla-apartments.com\/wp-content\/uploads\/2020\/06\/sola-sneznih-sportov-rogla-768x432.jpg 768w, https:\/\/www.rogla-apartments.com\/wp-content\/uploads\/2020\/06\/sola-sneznih-sportov-rogla-980x551.jpg 980w, https:\/\/www.rogla-apartments.com\/wp-content\/uploads\/2020\/06\/sola-sneznih-sportov-rogla-480x270.jpg 480w, https:\/\/www.rogla-apartments.com\/wp-content\/uploads\/2020\/06\/sola-sneznih-sportov-rogla-600x338.jpg 600w\" sizes=\"auto, (max-width: 1024px) 100vw, 1024px\" \/><\/figure>\n<\/div>\n\n\n\n<div class=\"wp-block-column is-layout-flow wp-block-column-is-layout-flow\" style=\"flex-basis:60%\">\n<h1 class=\"wp-block-heading\">Rogla Snow Sports School<\/h1>\n\n\n\n<p>Guests of Rogla apartments Dandi are offered reduced prices for group courses upon booking<\/p>\n\n\n\n<ul class=\"wp-block-list\">\n<li><\/li>\n<\/ul>\n\n\n\n<div style=\"height:30px\" aria-hidden=\"true\" class=\"wp-block-spacer\"><\/div>\n\n\n\n<div class=\"wp-block-columns is-layout-flex wp-container-core-columns-is-layout-9d6595d7 wp-block-columns-is-layout-flex\">\n<div class=\"wp-block-column is-layout-flow wp-block-column-is-layout-flow\">\n<h4 class=\"wp-block-heading\">Website<\/h4>\n\n\n\n<p><a href=\"https:\/\/www.solasmucanja.eu\" target=\"_blank\" rel=\"noreferrer noopener\">www.solasmucanja.eu<\/a><\/p>\n<\/div>\n\n\n\n<div class=\"wp-block-column is-layout-flow wp-block-column-is-layout-flow\">\n<h4 class=\"wp-block-heading\">Phone<\/h4>\n\n\n\n<p><a href=\"tel:+386 41 402 722\" target=\"_blank\" rel=\"noreferrer noopener\">+386 41 402 722<\/a><\/p>\n<\/div>\n\n\n\n<div class=\"wp-block-column is-layout-flow wp-block-column-is-layout-flow\">\n<h4 class=\"wp-block-heading\">Location<\/h4>\n\n\n\n<p><a href=\"https:\/\/maps.app.goo.gl\/16wYvn67RrkhR8YY8\" target=\"_blank\" rel=\"noreferrer noopener\">Rogla<\/a><\/p>\n<\/div>\n<\/div>\n<\/div>\n<\/div>\n","protected":false},"excerpt":{"rendered":"<p>Vino Andrejc Guests of Rogla apartmetns Dundi are offered cheaper tastings and wine purchases upon booking. E-mail vino.andrejc@gmail.com Phone +386 41 669 289 Location Ilirska pot 1, 3214 Zre\u010de Hotel Jakec Trije Kralji Rogla apartments Dandi offers guests reduced prices for lunches and bowling and wellness services. E-mail hotel@jakec.si Phone +386 2 803 45 06 [&hellip;]<\/p>\n","protected":false},"author":1,"featured_media":987468647,"parent":0,"menu_order":0,"comment_status":"closed","ping_status":"closed","template":"","meta":{"footnotes":""},"categories":[],"tags":[],"class_list":["post-987468644","page","type-page","status-publish","has-post-thumbnail","hentry"],"yoast_head":"<!-- This site is optimized with the Yoast SEO plugin v27.2 - https:\/\/yoast.com\/product\/yoast-seo-wordpress\/ -->\n<title>Discounts - Apartmaji Rogla Dandi<\/title>\n<meta name=\"description\" content=\"Apartmaji Rogla Dandi\" \/>\n<meta name=\"robots\" content=\"index, follow, max-snippet:-1, max-image-preview:large, max-video-preview:-1\" \/>\n<link rel=\"canonical\" href=\"https:\/\/www.rogla-apartments.com\/en\/discounts\/\" \/>\n<meta property=\"og:locale\" content=\"en_US\" \/>\n<meta property=\"og:type\" content=\"article\" \/>\n<meta property=\"og:title\" content=\"Discounts - Apartmaji Rogla Dandi\" \/>\n<meta property=\"og:description\" content=\"Apartmaji Rogla Dandi\" \/>\n<meta property=\"og:url\" content=\"https:\/\/www.rogla-apartments.com\/en\/discounts\/\" \/>\n<meta property=\"og:site_name\" content=\"Apartmaji Rogla Dandi\" \/>\n<meta property=\"article:publisher\" content=\"https:\/\/www.facebook.com\/profile.php?id=100077858079393\" \/>\n<meta property=\"article:modified_time\" content=\"2023-12-06T08:40:52+00:00\" \/>\n<meta property=\"og:image\" content=\"https:\/\/www.rogla-apartments.com\/wp-content\/uploads\/2020\/06\/dandi-rogla.jpg\" \/>\n\t<meta property=\"og:image:width\" content=\"1080\" \/>\n\t<meta property=\"og:image:height\" content=\"800\" \/>\n\t<meta property=\"og:image:type\" content=\"image\/jpeg\" \/>\n<meta name=\"twitter:card\" content=\"summary_large_image\" \/>\n<meta name=\"twitter:label1\" content=\"Est. reading time\" \/>\n\t<meta name=\"twitter:data1\" content=\"2 minutes\" \/>\n<script type=\"application\/ld+json\" class=\"yoast-schema-graph\">{\"@context\":\"https:\/\/schema.org\",\"@graph\":[{\"@type\":\"WebPage\",\"@id\":\"https:\/\/www.rogla-apartments.com\/en\/discounts\/\",\"url\":\"https:\/\/www.rogla-apartments.com\/en\/discounts\/\",\"name\":\"Discounts - Apartmaji Rogla Dandi\",\"isPartOf\":{\"@id\":\"https:\/\/www.rogla-apartments.com\/#website\"},\"primaryImageOfPage\":{\"@id\":\"https:\/\/www.rogla-apartments.com\/en\/discounts\/#primaryimage\"},\"image\":{\"@id\":\"https:\/\/www.rogla-apartments.com\/en\/discounts\/#primaryimage\"},\"thumbnailUrl\":\"https:\/\/www.rogla-apartments.com\/wp-content\/uploads\/2020\/06\/dandi-rogla.jpg\",\"datePublished\":\"2020-06-05T16:52:27+00:00\",\"dateModified\":\"2023-12-06T08:40:52+00:00\",\"description\":\"Apartmaji Rogla Dandi\",\"inLanguage\":\"en-US\",\"potentialAction\":[{\"@type\":\"ReadAction\",\"target\":[\"https:\/\/www.rogla-apartments.com\/en\/discounts\/\"]}]},{\"@type\":\"ImageObject\",\"inLanguage\":\"en-US\",\"@id\":\"https:\/\/www.rogla-apartments.com\/en\/discounts\/#primaryimage\",\"url\":\"https:\/\/www.rogla-apartments.com\/wp-content\/uploads\/2020\/06\/dandi-rogla.jpg\",\"contentUrl\":\"https:\/\/www.rogla-apartments.com\/wp-content\/uploads\/2020\/06\/dandi-rogla.jpg\",\"width\":1080,\"height\":800},{\"@type\":\"WebSite\",\"@id\":\"https:\/\/www.rogla-apartments.com\/#website\",\"url\":\"https:\/\/www.rogla-apartments.com\/\",\"name\":\"Apartmaji Rogla Dandi\",\"description\":\"Slovenija\",\"publisher\":{\"@id\":\"https:\/\/www.rogla-apartments.com\/#organization\"},\"potentialAction\":[{\"@type\":\"SearchAction\",\"target\":{\"@type\":\"EntryPoint\",\"urlTemplate\":\"https:\/\/www.rogla-apartments.com\/?s={search_term_string}\"},\"query-input\":{\"@type\":\"PropertyValueSpecification\",\"valueRequired\":true,\"valueName\":\"search_term_string\"}}],\"inLanguage\":\"en-US\"},{\"@type\":\"Organization\",\"@id\":\"https:\/\/www.rogla-apartments.com\/#organization\",\"name\":\"Apartmaji Rogla Dandi\",\"url\":\"https:\/\/www.rogla-apartments.com\/\",\"logo\":{\"@type\":\"ImageObject\",\"inLanguage\":\"en-US\",\"@id\":\"https:\/\/www.rogla-apartments.com\/#\/schema\/logo\/image\/\",\"url\":\"https:\/\/www.rogla-apartments.com\/wp-content\/uploads\/2023\/12\/Rogla-Apartments-Dandi_LOGO_Horizontal_RGB.png\",\"contentUrl\":\"https:\/\/www.rogla-apartments.com\/wp-content\/uploads\/2023\/12\/Rogla-Apartments-Dandi_LOGO_Horizontal_RGB.png\",\"width\":800,\"height\":160,\"caption\":\"Apartmaji Rogla Dandi\"},\"image\":{\"@id\":\"https:\/\/www.rogla-apartments.com\/#\/schema\/logo\/image\/\"},\"sameAs\":[\"https:\/\/www.facebook.com\/profile.php?id=100077858079393\",\"https:\/\/www.instagram.com\/explore\/locations\/458322446\/rogla-apartments-dandi\/\"]}]}<\/script>\n<!-- \/ Yoast SEO plugin. -->","yoast_head_json":{"title":"Discounts - Apartmaji Rogla Dandi","description":"Apartmaji Rogla Dandi","robots":{"index":"index","follow":"follow","max-snippet":"max-snippet:-1","max-image-preview":"max-image-preview:large","max-video-preview":"max-video-preview:-1"},"canonical":"https:\/\/www.rogla-apartments.com\/en\/discounts\/","og_locale":"en_US","og_type":"article","og_title":"Discounts - Apartmaji Rogla Dandi","og_description":"Apartmaji Rogla Dandi","og_url":"https:\/\/www.rogla-apartments.com\/en\/discounts\/","og_site_name":"Apartmaji Rogla Dandi","article_publisher":"https:\/\/www.facebook.com\/profile.php?id=100077858079393","article_modified_time":"2023-12-06T08:40:52+00:00","og_image":[{"width":1080,"height":800,"url":"https:\/\/www.rogla-apartments.com\/wp-content\/uploads\/2020\/06\/dandi-rogla.jpg","type":"image\/jpeg"}],"twitter_card":"summary_large_image","twitter_misc":{"Est. reading time":"2 minutes"},"schema":{"@context":"https:\/\/schema.org","@graph":[{"@type":"WebPage","@id":"https:\/\/www.rogla-apartments.com\/en\/discounts\/","url":"https:\/\/www.rogla-apartments.com\/en\/discounts\/","name":"Discounts - Apartmaji Rogla Dandi","isPartOf":{"@id":"https:\/\/www.rogla-apartments.com\/#website"},"primaryImageOfPage":{"@id":"https:\/\/www.rogla-apartments.com\/en\/discounts\/#primaryimage"},"image":{"@id":"https:\/\/www.rogla-apartments.com\/en\/discounts\/#primaryimage"},"thumbnailUrl":"https:\/\/www.rogla-apartments.com\/wp-content\/uploads\/2020\/06\/dandi-rogla.jpg","datePublished":"2020-06-05T16:52:27+00:00","dateModified":"2023-12-06T08:40:52+00:00","description":"Apartmaji Rogla Dandi","inLanguage":"en-US","potentialAction":[{"@type":"ReadAction","target":["https:\/\/www.rogla-apartments.com\/en\/discounts\/"]}]},{"@type":"ImageObject","inLanguage":"en-US","@id":"https:\/\/www.rogla-apartments.com\/en\/discounts\/#primaryimage","url":"https:\/\/www.rogla-apartments.com\/wp-content\/uploads\/2020\/06\/dandi-rogla.jpg","contentUrl":"https:\/\/www.rogla-apartments.com\/wp-content\/uploads\/2020\/06\/dandi-rogla.jpg","width":1080,"height":800},{"@type":"WebSite","@id":"https:\/\/www.rogla-apartments.com\/#website","url":"https:\/\/www.rogla-apartments.com\/","name":"Apartmaji Rogla Dandi","description":"Slovenija","publisher":{"@id":"https:\/\/www.rogla-apartments.com\/#organization"},"potentialAction":[{"@type":"SearchAction","target":{"@type":"EntryPoint","urlTemplate":"https:\/\/www.rogla-apartments.com\/?s={search_term_string}"},"query-input":{"@type":"PropertyValueSpecification","valueRequired":true,"valueName":"search_term_string"}}],"inLanguage":"en-US"},{"@type":"Organization","@id":"https:\/\/www.rogla-apartments.com\/#organization","name":"Apartmaji Rogla Dandi","url":"https:\/\/www.rogla-apartments.com\/","logo":{"@type":"ImageObject","inLanguage":"en-US","@id":"https:\/\/www.rogla-apartments.com\/#\/schema\/logo\/image\/","url":"https:\/\/www.rogla-apartments.com\/wp-content\/uploads\/2023\/12\/Rogla-Apartments-Dandi_LOGO_Horizontal_RGB.png","contentUrl":"https:\/\/www.rogla-apartments.com\/wp-content\/uploads\/2023\/12\/Rogla-Apartments-Dandi_LOGO_Horizontal_RGB.png","width":800,"height":160,"caption":"Apartmaji Rogla Dandi"},"image":{"@id":"https:\/\/www.rogla-apartments.com\/#\/schema\/logo\/image\/"},"sameAs":["https:\/\/www.facebook.com\/profile.php?id=100077858079393","https:\/\/www.instagram.com\/explore\/locations\/458322446\/rogla-apartments-dandi\/"]}]}},"_links":{"self":[{"href":"https:\/\/www.rogla-apartments.com\/en\/wp-json\/wp\/v2\/pages\/987468644","targetHints":{"allow":["GET"]}}],"collection":[{"href":"https:\/\/www.rogla-apartments.com\/en\/wp-json\/wp\/v2\/pages"}],"about":[{"href":"https:\/\/www.rogla-apartments.com\/en\/wp-json\/wp\/v2\/types\/page"}],"author":[{"embeddable":true,"href":"https:\/\/www.rogla-apartments.com\/en\/wp-json\/wp\/v2\/users\/1"}],"replies":[{"embeddable":true,"href":"https:\/\/www.rogla-apartments.com\/en\/wp-json\/wp\/v2\/comments?post=987468644"}],"version-history":[{"count":14,"href":"https:\/\/www.rogla-apartments.com\/en\/wp-json\/wp\/v2\/pages\/987468644\/revisions"}],"predecessor-version":[{"id":987471242,"href":"https:\/\/www.rogla-apartments.com\/en\/wp-json\/wp\/v2\/pages\/987468644\/revisions\/987471242"}],"wp:featuredmedia":[{"embeddable":true,"href":"https:\/\/www.rogla-apartments.com\/en\/wp-json\/wp\/v2\/media\/987468647"}],"wp:attachment":[{"href":"https:\/\/www.rogla-apartments.com\/en\/wp-json\/wp\/v2\/media?parent=987468644"}],"wp:term":[{"taxonomy":"category","embeddable":true,"href":"https:\/\/www.rogla-apartments.com\/en\/wp-json\/wp\/v2\/categories?post=987468644"},{"taxonomy":"post_tag","embeddable":true,"href":"https:\/\/www.rogla-apartments.com\/en\/wp-json\/wp\/v2\/tags?post=987468644"}],"curies":[{"name":"wp","href":"https:\/\/api.w.org\/{rel}","templated":true}]}}